{"id":15,"date":"2014-11-11T11:14:30","date_gmt":"2014-11-11T11:14:30","guid":{"rendered":"http:\/\/anpsthemes.com\/constructo\/?page_id=15"},"modified":"2026-02-17T03:29:31","modified_gmt":"2026-02-17T00:29:31","slug":"contact-us","status":"publish","type":"page","link":"https:\/\/www.jadorehealthgroup.com\/ar\/contact-us\/","title":{"rendered":"\u062a\u0648\u0627\u0635\u0644"},"content":{"rendered":"<p>[vc_row][vc_column][vc_raw_html]JTNDc2NyaXB0JTNFJTBBZG9jdW1lbnQuYWRkRXZlbnRMaXN0ZW5lciUyOCUyMkRPTUNvbnRlbnRMb2FkZWQlMjIlMkMlMjBmdW5jdGlvbiUyOCUyOSUyMCU3QiUwQSUyMCUyMCUyMCUyMCUyRiUyRiUyMFVSTCUyMGtvbnRyb2wlQzMlQkMlM0ElMjBzYWRlY2UlMjBjb250YWN0LXVzJTIwc2F5ZmFzJUM0JUIxbmRhJTIwJUMzJUE3YWwlQzQlQjElQzUlOUZzJUM0JUIxbiUwQSUyMCUyMCUyMCUyMGlmJTIwJTI4d2luZG93LmxvY2F0aW9uLnBhdGhuYW1lLmluY2x1ZGVzJTI4JTIyY29udGFjdC11cyUyMiUyOSUyOSUyMCU3QiUwQSUwQSUyMCUyMCUyMCUyMCUyMCUyMCUyMCUyMHZhciUyMHdyYXBwZXIlMjAlM0QlMjBkb2N1bWVudC5xdWVyeVNlbGVjdG9yJTI4JTIyLnNpdGUtd3JhcHBlciUyMiUyOSUzQiUwQSUyMCUyMCUyMCUyMCUyMCUyMCUyMCUyMGlmJTIwJTI4d3JhcHBlciUyOSUyMCU3QiUwQSUyMCUyMCUyMCUyMCUyMCUyMCUyMCUyMCUyMCUyMCUyMCUyMHdyYXBwZXIuc3R5bGUuc2V0UHJvcGVydHklMjglMjJiYWNrZ3JvdW5kLWNvbG9yJTIyJTJDJTIwJTIyJTIzYmFjYmM1JTIyJTJDJTIwJTIyaW1wb3J0YW50JTIyJTI5JTNCJTBBJTIwJTIwJTIwJTIwJTIwJTIwJTIwJTIwJTIwJTIwJTIwJTIwd3JhcHBlci5zdHlsZS5zZXRQcm9wZXJ0eSUyOCUyMmJhY2tncm91bmQlMjIlMkMlMjAlMjIlMjNiYWNiYzUlMjIlMkMlMjAlMjJpbXBvcnRhbnQlMjIlMjklM0IlMEElMjAlMjAlMjAlMjAlMjAlMjAlMjAlMjAlN0QlMEElMjAlMjAlMjAlMjAlN0QlMEElN0QlMjklM0IlMEElM0MlMkZzY3JpcHQlM0UlMEE=[\/vc_raw_html][\/vc_column][\/vc_row][vc_row css=&#8221;.vc_custom_1554987094610{margin-top: 30px !important;padding-bottom: 20px !important;}&#8221;][vc_column width=&#8221;1\/2&#8243;]<h4 class='heading-content  style-1' ><span>\u062a\u0648\u0627\u0635\u0644<\/span><\/h4>[vc_empty_space height=&#8221;15px&#8221;][vc_column_text css_animation=&#8221;fadeInLeft&#8221;]<\/p>\n<h3>JADORE HEALTH GROUP<\/h3>\n<h3><strong>\u0639\u0646\u0648\u0627\u0646:<\/strong> Ni\u015fanta\u015fi \u0130stanbul \/ T\u00dcRK\u0130YE<\/h3>\n<h3><strong>\u0633\u0644\u0643: <\/strong>+90 552 460 5551 &amp; +90 501 323 2223<\/h3>\n<h3><strong>\u0628\u0631\u064a\u062f \u0625\u0644\u0643\u062a\u0631\u0648\u0646\u064a:<\/strong> jadoreaesthetic.ist@gmail.com<\/h3>\n<p>[\/vc_column_text][\/vc_column][vc_column width=&#8221;1\/2&#8243;][vc_column_text]<iframe loading=\"lazy\" style=\"border: 0;\" src=\"https:\/\/www.google.com\/maps\/embed?pb=!1m18!1m12!1m3!1d3008.8984074495356!2d28.992321099999998!3d41.0493507!2m3!1f0!2f0!3f0!3m2!1i1024!2i768!4f13.1!3m3!1m2!1s0x14cabb968ffc3273%3A0xa7d3b24fe3786efa!2sjadore%20estetik!5e0!3m2!1str!2str!4v1760437604332!5m2!1str!2str\" width=\"600\" height=\"400\" allowfullscreen=\"allowfullscreen\"><\/iframe>[\/vc_column_text][\/vc_column][\/vc_row][vc_row css=&#8221;.vc_custom_1418807519392{margin-top: 20px !important;}&#8221; has_content=&#8221;true&#8221;][vc_column]<h5 class='heading-content  style-1' ><span>\u0623\u0631\u0633\u0644 \u0631\u0633\u0627\u0644\u062a\u0643<\/span><\/h5>[vc_empty_space height=&#8221;15px&#8221;]\n<div class=\"wpcf7 no-js\" id=\"wpcf7-f1176-o3\" lang=\"en-US\" dir=\"ltr\" data-wpcf7-id=\"1176\">\n<div class=\"screen-reader-response\"><p role=\"status\" aria-live=\"polite\" aria-atomic=\"true\"><\/p> <ul><\/ul><\/div>\n<form action=\"\/ar\/wp-json\/wp\/v2\/pages\/15#wpcf7-f1176-o3\" method=\"post\" class=\"wpcf7-form init\" aria-label=\"Contact form\" novalidate=\"novalidate\" data-status=\"init\">\n<fieldset class=\"hidden-fields-container\"><input type=\"hidden\" name=\"_wpcf7\" value=\"1176\" \/><input type=\"hidden\" name=\"_wpcf7_version\" value=\"6.1.5\" \/><input type=\"hidden\" name=\"_wpcf7_locale\" value=\"en_US\" \/><input type=\"hidden\" name=\"_wpcf7_unit_tag\" value=\"wpcf7-f1176-o3\" \/><input type=\"hidden\" name=\"_wpcf7_container_post\" value=\"0\" \/><input type=\"hidden\" name=\"_wpcf7_posted_data_hash\" value=\"\" \/>\n<\/fieldset>\n<div class=\"col-sm-5 noleftpadding\">\n\t<p><span class=\"wpcf7-form-control-wrap\" data-name=\"your-name\"><input size=\"40\" maxlength=\"400\" class=\"wpcf7-form-control wpcf7-text wpcf7-validates-as-required\" aria-required=\"true\" aria-invalid=\"false\" placeholder=\"\u0627\u0633\u0645\u0643*\" value=\"\" type=\"text\" name=\"your-name\" \/><\/span>\n\t<\/p>\n\t<p><span class=\"wpcf7-form-control-wrap\" data-name=\"your-subject\"><input size=\"40\" maxlength=\"400\" class=\"wpcf7-form-control wpcf7-text\" aria-invalid=\"false\" placeholder=\"\u0645\u0648\u0636\u0648\u0639*\" value=\"\" type=\"text\" name=\"your-subject\" \/><\/span>\n\t<\/p>\n\t<p><span class=\"wpcf7-form-control-wrap\" data-name=\"your-email\"><input size=\"40\" maxlength=\"400\" class=\"wpcf7-form-control wpcf7-email wpcf7-validates-as-required wpcf7-text wpcf7-validates-as-email\" aria-required=\"true\" aria-invalid=\"false\" placeholder=\"\u0628\u0631\u064a\u062f \u0625\u0644\u0643\u062a\u0631\u0648\u0646\u064a*\" value=\"\" type=\"email\" name=\"your-email\" \/><\/span>\n\t<\/p>\n<\/div>\n<div class=\"col-sm-7 norightpadding\">\n\t<p><span class=\"wpcf7-form-control-wrap\" data-name=\"your-message\"><textarea cols=\"25\" rows=\"3\" maxlength=\"2000\" class=\"wpcf7-form-control wpcf7-textarea\" aria-invalid=\"false\" placeholder=\"\u0631\u0633\u0627\u0644\u062a\u0643*\" name=\"your-message\"><\/textarea><\/span>\n\t<\/p>\n\t<p><input class=\"wpcf7-form-control wpcf7-submit has-spinner\" type=\"submit\" value=\"\u0625\u0631\u0633\u0627\u0644 \u0631\u0633\u0627\u0644\u0629\" \/>\n\t<\/p>\n<\/div><div class=\"wpcf7-response-output\" aria-hidden=\"true\"><\/div>\n<\/form>\n<\/div>\n[\/vc_column][\/vc_row]<\/p>","protected":false},"excerpt":{"rendered":"<p>[vc_row][vc_column][vc_raw_html]JTNDc2NyaXB0JTNFJTBBZG9jdW1lbnQuYWRkRXZlbnRMaXN0ZW5lciUyOCUyMkRPTUNvbnRlbnRMb2FkZWQlMjIlMkMlMjBmdW5jdGlvbiUyOCUyOSUyMCU3QiUwQSUyMCUyMCUyMCUyMCUyRiUyRiUyMFVSTCUyMGtvbnRyb2wlQzMlQkMlM0ElMjBzYWRlY2UlMjBjb250YWN0LXVzJTIwc2F5ZmFzJUM0JUIxbmRhJTIwJUMzJUE3YWwlQzQlQjElQzUlOUZzJUM0JUIxbiUwQSUyMCUyMCUyMCUyMGlmJTIwJTI4d2luZG93LmxvY2F0aW9uLnBhdGhuYW1lLmluY2x1ZGVzJTI4JTIyY29udGFjdC11cyUyMiUyOSUyOSUyMCU3QiUwQSUwQSUyMCUyMCUyMCUyMCUyMCUyMCUyMCUyMHZhciUyMHdyYXBwZXIlMjAlM0QlMjBkb2N1bWVudC5xdWVyeVNlbGVjdG9yJTI4JTIyLnNpdGUtd3JhcHBlciUyMiUyOSUzQiUwQSUyMCUyMCUyMCUyMCUyMCUyMCUyMCUyMGlmJTIwJTI4d3JhcHBlciUyOSUyMCU3QiUwQSUyMCUyMCUyMCUyMCUyMCUyMCUyMCUyMCUyMCUyMCUyMCUyMHdyYXBwZXIuc3R5bGUuc2V0UHJvcGVydHklMjglMjJiYWNrZ3JvdW5kLWNvbG9yJTIyJTJDJTIwJTIyJTIzYmFjYmM1JTIyJTJDJTIwJTIyaW1wb3J0YW50JTIyJTI5JTNCJTBBJTIwJTIwJTIwJTIwJTIwJTIwJTIwJTIwJTIwJTIwJTIwJTIwd3JhcHBlci5zdHlsZS5zZXRQcm9wZXJ0eSUyOCUyMmJhY2tncm91bmQlMjIlMkMlMjAlMjIlMjNiYWNiYzUlMjIlMkMlMjAlMjJpbXBvcnRhbnQlMjIlMjklM0IlMEElMjAlMjAlMjAlMjAlMjAlMjAlMjAlMjAlN0QlMEElMjAlMjAlMjAlMjAlN0QlMEElN0QlMjklM0IlMEElM0MlMkZzY3JpcHQlM0UlMEE=[\/vc_raw_html][\/vc_column][\/vc_row][vc_row css=&#8221;.vc_custom_1554987094610{margin-top: 30px !important;padding-bottom: 20px !important;}&#8221;][vc_column width=&#8221;1\/2&#8243;][vc_empty_space height=&#8221;15px&#8221;][vc_column_text css_animation=&#8221;fadeInLeft&#8221;] JADORE HEALTH GROUP \u0639\u0646\u0648\u0627\u0646: Ni\u015fanta\u015fi \u0130stanbul \/ T\u00dcRK\u0130YE \u0633\u0644\u0643: +90 552 460 5551 &amp; +90 501 323 2223 \u0628\u0631\u064a\u062f \u0625\u0644\u0643\u062a\u0631\u0648\u0646\u064a: jadoreaesthetic.ist@gmail.com [\/vc_column_text][\/vc_column][vc_column width=&#8221;1\/2&#8243;][vc_column_text][\/vc_column_text][\/vc_column][\/vc_row][vc_row css=&#8221;.vc_custom_1418807519392{margin-top: 20px !important;}&#8221; has_content=&#8221;true&#8221;][vc_column][vc_empty_space height=&#8221;15px&#8221;][\/vc_column][\/vc_row]<\/p>\n","protected":false},"author":1,"featured_media":0,"parent":0,"menu_order":0,"comment_status":"open","ping_status":"open","template":"","meta":{"footnotes":""},"class_list":["post-15","page","type-page","status-publish","hentry"],"_links":{"self":[{"href":"https:\/\/www.jadorehealthgroup.com\/ar\/wp-json\/wp\/v2\/pages\/15","targetHints":{"allow":["GET"]}}],"collection":[{"href":"https:\/\/www.jadorehealthgroup.com\/ar\/wp-json\/wp\/v2\/pages"}],"about":[{"href":"https:\/\/www.jadorehealthgroup.com\/ar\/wp-json\/wp\/v2\/types\/page"}],"author":[{"embeddable":true,"href":"https:\/\/www.jadorehealthgroup.com\/ar\/wp-json\/wp\/v2\/users\/1"}],"replies":[{"embeddable":true,"href":"https:\/\/www.jadorehealthgroup.com\/ar\/wp-json\/wp\/v2\/comments?post=15"}],"version-history":[{"count":11,"href":"https:\/\/www.jadorehealthgroup.com\/ar\/wp-json\/wp\/v2\/pages\/15\/revisions"}],"predecessor-version":[{"id":1199,"href":"https:\/\/www.jadorehealthgroup.com\/ar\/wp-json\/wp\/v2\/pages\/15\/revisions\/1199"}],"wp:attachment":[{"href":"https:\/\/www.jadorehealthgroup.com\/ar\/wp-json\/wp\/v2\/media?parent=15"}],"curies":[{"name":"wp","href":"https:\/\/api.w.org\/{rel}","templated":true}]}}